{"id":16,"date":"2014-03-26T22:15:08","date_gmt":"2014-03-26T22:15:08","guid":{"rendered":"http:\/\/its-conf.org\/2014\/?page_id=16"},"modified":"2025-05-09T12:30:49","modified_gmt":"2025-05-09T12:30:49","slug":"committees","status":"publish","type":"page","link":"https:\/\/www.ict-conf.org\/oldconferences\/2025\/committees\/","title":{"rendered":"Committees"},"content":{"rendered":"<p><strong>Program\u00a0Chair<\/strong><\/p>\n<p>Piet Kommers, UNESCO Professor of Educational Technology, The Netherlands<\/p>\n<p><strong>\u00a0<\/strong><\/p>\n<p><strong>MCCSIS General Conference\u00a0Co-Chair<\/strong><\/p>\n<p>Pedro Isaias, Universidade Aberta (Portuguese Open University), Portugal<\/p>\n<p>&nbsp;<\/p>\n<p><strong>Committee Members*<\/strong><\/p>\n<p>Ana Isabel Paraguay, Officio e Ambiente , Brazil<br \/>\nAntonios Tsertsidis, University Of Bor\u00e5s, Sweden<br \/>\nBertil P. Marques, Instituto Superior De Engenharia Do Porto (ISEP), Portugal<br \/>\nEila Jarvenpaa, Aalto University, Finland<br \/>\nElvis Mazzoni, University Of Bologna, Italy<br \/>\nEmil Van Der Poll, University Of South Africa, South Africa<br \/>\nEphias Ruhode, University Of The West Of Scotland, Scotland<br \/>\nGustavo Mesch, University Of Haifa , Israel<br \/>\nIstvan Juhos, Institute Of Informatics, University Of Szeged, Hungary<br \/>\nJan Kubicek, Technical University Of Ostrava, Czech Republic<br \/>\nJorge Franco, Universidade Presbiteriana Mackenzie, Brazil<br \/>\nKimiz Dalkir, Mcgill University, Canada<br \/>\nMarco Lazzari, University of Bergamo, Italy<br \/>\nMaritta Pirhonen, University Of Jyv\u00e4skyl\u00e4, Finland<br \/>\nMikael Collan, Lappeenranta University of Technology, Finland<br \/>\nNestor Garay-Vitoria, Informatika Fakultatea (UPV\/EHU), Espa\u00f1a<br \/>\nNicola Doering, Ilmenau University Of Technology, Germany<br \/>\nNicolas Moreira, Universidade Federal Do Cear\u00e1, Brazil<br \/>\nOlga Battaia, Kegde Business School, France<br \/>\nOren Livio, University Of Haifa, Israel<br \/>\nPrzemyslaw Falkowski-Gilski, Gdansk University of Technology, Poland<br \/>\nRobert Pint\u00e9r , Corvinus University of Budapest, Hungary<br \/>\nRossitza Goleva, New Bulgarian University, Bulgaria<br \/>\nSarai Lastra, Universidad Ana G. M\u00e9ndez, Recinto de Gurabo, Puerto Rico<br \/>\nStamatis Papadakis, University Of Crete, Greece<br \/>\nTelmo Zarraonandia, Universidad Carlos III De Madrid, Spain<br \/>\nZsolt Demetrovics, Elte E\u00f6tv\u00f6s Lor\u00e1nd University, Hungary<\/p>\n<p>&nbsp;<\/p>\n<p>*committee members are being invited.<\/p>\n<p>&nbsp;<\/p>\n","protected":false},"excerpt":{"rendered":"<p>Program\u00a0Chair Piet Kommers, UNESCO Professor of Educational Technology, The Netherlands \u00a0 MCCSIS General Conference\u00a0Co-Chair Pedro Isaias, Universidade Aberta (Portuguese Open University), Portugal &nbsp; Committee Members* Ana Isabel Paraguay, Officio e Ambiente , Brazil Antonios Tsertsidis, University Of Bor\u00e5s, Sweden Bertil P. Marques, Instituto Superior De Engenharia Do Porto (ISEP), Portugal Eila Jarvenpaa, Aalto University, Finland [&hellip;]<\/p>\n","protected":false},"author":1,"featured_media":0,"parent":0,"menu_order":0,"comment_status":"closed","ping_status":"closed","template":"","meta":{"footnotes":""},"class_list":["post-16","page","type-page","status-publish","hentry"],"_links":{"self":[{"href":"https:\/\/www.ict-conf.org\/oldconferences\/2025\/wp-json\/wp\/v2\/pages\/16","targetHints":{"allow":["GET"]}}],"collection":[{"href":"https:\/\/www.ict-conf.org\/oldconferences\/2025\/wp-json\/wp\/v2\/pages"}],"about":[{"href":"https:\/\/www.ict-conf.org\/oldconferences\/2025\/wp-json\/wp\/v2\/types\/page"}],"author":[{"embeddable":true,"href":"https:\/\/www.ict-conf.org\/oldconferences\/2025\/wp-json\/wp\/v2\/users\/1"}],"replies":[{"embeddable":true,"href":"https:\/\/www.ict-conf.org\/oldconferences\/2025\/wp-json\/wp\/v2\/comments?post=16"}],"version-history":[{"count":114,"href":"https:\/\/www.ict-conf.org\/oldconferences\/2025\/wp-json\/wp\/v2\/pages\/16\/revisions"}],"predecessor-version":[{"id":2456,"href":"https:\/\/www.ict-conf.org\/oldconferences\/2025\/wp-json\/wp\/v2\/pages\/16\/revisions\/2456"}],"wp:attachment":[{"href":"https:\/\/www.ict-conf.org\/oldconferences\/2025\/wp-json\/wp\/v2\/media?parent=16"}],"curies":[{"name":"wp","href":"https:\/\/api.w.org\/{rel}","templated":true}]}}