{"id":16,"date":"2014-03-26T22:15:08","date_gmt":"2014-03-26T22:15:08","guid":{"rendered":"http:\/\/its-conf.org\/2014\/?page_id=16"},"modified":"2024-05-07T11:21:23","modified_gmt":"2024-05-07T11:21:23","slug":"committees","status":"publish","type":"page","link":"https:\/\/www.ict-conf.org\/oldconferences\/2024\/committees\/","title":{"rendered":"Committees"},"content":{"rendered":"<p><strong>Program\u00a0Chair<\/strong><\/p>\n<p>Piet Kommers, University of Twente, The Netherlands<\/p>\n<p><strong>\u00a0<\/strong><\/p>\n<p><strong>MCCSIS General Conference\u00a0Co-Chair<\/strong><\/p>\n<p>Pedro Isaias, The University of New South Wales (UNSW \u2013 Sydney), Australia<\/p>\n<p>&nbsp;<\/p>\n<p><strong>Committee Members*<\/strong><\/p>\n<p>Alrence Halibas, RMIT University, Vietnam<br \/>\nAmalia Sabiescu, Loughborough University, England<br \/>\nAna Isabel Paraguay, Officio e Ambiente, Brazil<br \/>\nAnastasija Nikiforova, University of Tartu, Estonia<br \/>\nAntonio Marturano, University of Rome Tor Vergata, Italy<br \/>\nBertil P. Marques, Instituto Superior De Engenharia Do Porto (ISEP), Portugal<br \/>\nCaroline Parker, Glasgow Caledonian University, United Kingdom<br \/>\nCristina Martinez Montes, Chalmers University Of Technology, Sweden<br \/>\nEila Jarvenpaa, Aalto University, Finland<br \/>\nElvis Mazzoni, University Of Bologna, Italy<br \/>\nEmil Van Der Poll, University Of South Africa, South Africa<br \/>\nEphias Ruhode, University Of The West Of Scotland, Scotland<br \/>\nFabio Cassano, Universit\u00e0 Degli Studi Di Bari, Italy<br \/>\nFederica Baroni, University Of Bergamo, Italy<br \/>\nFlorin Popentiu, City University, Romania<br \/>\nGustavo Mesch, University Of Haifa, Israel<br \/>\nHarry Fulgencio, Swinburne University Of Technology, Australia<br \/>\nIgor Guerreiro, Universidade Federal Do Cear\u00e1, Brazil<br \/>\nIstvan Juhos, Institute Of Informatics, University Of Szeged, Hungary<br \/>\nIzak van Zyl, Cape Peninsula University Of Technology (cput), South Africa<br \/>\nJan Kubicek, Technical University Of Ostrava, Czech Republic<br \/>\nJan Meyer (Pr.M), Deputy Director NWU Business School, South Africa<br \/>\nJorge Franco, Universidade Presbiteriana Mackenzie, Brazil<br \/>\nKevin Matthe Caramancion, University of Wisconsin\u2013Stout, United States<br \/>\nKimiz Dalkir, Mcgill University, Canada<br \/>\nManuela Repetto, University of Turin, Italy<br \/>\nMarco Lazzari, University of Bergamo, Italy<br \/>\nMaritta Pirhonen, University Of Jyv\u00e4skyl\u00e4, Finland<br \/>\nMatias Dodel, Catholic University Of Uruguay, Uruguay<br \/>\nNestor Garay-Vitoria, Informatika Fakultatea (UPV\/EHU), Espa\u00f1a<br \/>\nNicola Doering, Ilmenau University Of Technology, Germany<br \/>\nNicolas Moreira, Universidade Federal Do Cear\u00e1, Brazil<br \/>\nOren Livio, University Of Haifa, Israel<br \/>\nPetera Hudson, Massey Univeristy, New Zealand<br \/>\nPrzemyslaw Falkowski-Gilski, Gdansk University of Technology, Poland<br \/>\nRobert Pint\u00e9r , Corvinus University of Budapest, Hungary<br \/>\nRoei Davidson, University Of Haifa, Israel<br \/>\nStamatis Papadakis, University Of Crete, Greece<br \/>\nTarcisio Maciel, Universidade Federal Do Cear\u00e1, Brazil<br \/>\nVirve Siirak, Tallinn University Of Technology, Estonia<br \/>\nZsolt Demetrovics, Elte E\u00f6tv\u00f6s Lor\u00e1nd University, Hungary<\/p>\n<p>*committee members are being invited.<\/p>\n<p>&nbsp;<\/p>\n","protected":false},"excerpt":{"rendered":"<p>Program\u00a0Chair Piet Kommers, University of Twente, The Netherlands \u00a0 MCCSIS General Conference\u00a0Co-Chair Pedro Isaias, The University of New South Wales (UNSW \u2013 Sydney), Australia &nbsp; Committee Members* Alrence Halibas, RMIT University, Vietnam Amalia Sabiescu, Loughborough University, England Ana Isabel Paraguay, Officio e Ambiente, Brazil Anastasija Nikiforova, University of Tartu, Estonia Antonio Marturano, University of Rome [&hellip;]<\/p>\n","protected":false},"author":1,"featured_media":0,"parent":0,"menu_order":0,"comment_status":"closed","ping_status":"closed","template":"","meta":{"footnotes":""},"_links":{"self":[{"href":"https:\/\/www.ict-conf.org\/oldconferences\/2024\/wp-json\/wp\/v2\/pages\/16"}],"collection":[{"href":"https:\/\/www.ict-conf.org\/oldconferences\/2024\/wp-json\/wp\/v2\/pages"}],"about":[{"href":"https:\/\/www.ict-conf.org\/oldconferences\/2024\/wp-json\/wp\/v2\/types\/page"}],"author":[{"embeddable":true,"href":"https:\/\/www.ict-conf.org\/oldconferences\/2024\/wp-json\/wp\/v2\/users\/1"}],"replies":[{"embeddable":true,"href":"https:\/\/www.ict-conf.org\/oldconferences\/2024\/wp-json\/wp\/v2\/comments?post=16"}],"version-history":[{"count":109,"href":"https:\/\/www.ict-conf.org\/oldconferences\/2024\/wp-json\/wp\/v2\/pages\/16\/revisions"}],"predecessor-version":[{"id":2338,"href":"https:\/\/www.ict-conf.org\/oldconferences\/2024\/wp-json\/wp\/v2\/pages\/16\/revisions\/2338"}],"wp:attachment":[{"href":"https:\/\/www.ict-conf.org\/oldconferences\/2024\/wp-json\/wp\/v2\/media?parent=16"}],"curies":[{"name":"wp","href":"https:\/\/api.w.org\/{rel}","templated":true}]}}